{"id":2493,"date":"2023-11-02T16:09:56","date_gmt":"2023-11-02T13:09:56","guid":{"rendered":"https:\/\/dasellmobilya.com\/?post_type=product&#038;p=2493"},"modified":"2023-11-02T16:09:58","modified_gmt":"2023-11-02T13:09:58","slug":"berlin-duvar-unitesi","status":"publish","type":"product","link":"https:\/\/basdincmobilya.com\/en\/berlin-duvar-unitesi\/","title":{"rendered":"Berlin Duvar \u00dcnitesi"},"content":{"rendered":"","protected":false},"excerpt":{"rendered":"","protected":false},"featured_media":2494,"template":"","meta":[],"class_list":["post-2493","product","type-product","status-publish","has-post-thumbnail","hentry","product_cat-duvar-uniteleri","product_cat-luxury-duvar-uniteleri"],"yoast_head":"<!-- This site is optimized with the Yoast SEO Premium plugin v16.0.3 (Yoast SEO v19.9) - https:\/\/yoast.com\/wordpress\/plugins\/seo\/ -->\n<title>Berlin Duvar \u00dcnitesi - Ba\u015fdin\u00e7 Mobilya<\/title>\n<meta name=\"robots\" content=\"index, follow, max-snippet:-1, max-image-preview:large, max-video-preview:-1\" \/>\n<link rel=\"canonical\" href=\"https:\/\/basdincmobilya.com\/en\/berlin-duvar-unitesi\/\" \/>\n<meta property=\"og:locale\" content=\"en_GB\" \/>\n<meta property=\"og:type\" content=\"article\" \/>\n<meta property=\"og:title\" content=\"Berlin Duvar \u00dcnitesi - Ba\u015fdin\u00e7 Mobilya\" \/>\n<meta property=\"og:url\" content=\"https:\/\/basdincmobilya.com\/en\/berlin-duvar-unitesi\/\" \/>\n<meta property=\"og:site_name\" content=\"Ba\u015fdin\u00e7 Mobilya\" \/>\n<meta property=\"article:modified_time\" content=\"2023-11-02T13:09:58+00:00\" \/>\n<meta property=\"og:image\" content=\"https:\/\/basdincmobilya.com\/wp-content\/uploads\/2023\/11\/berlin-duvar-unitesi-gorsel-1.jpg\" \/>\n\t<meta property=\"og:image:width\" content=\"2560\" \/>\n\t<meta property=\"og:image:height\" content=\"1800\" \/>\n\t<meta property=\"og:image:type\" content=\"image\/jpeg\" \/>\n<meta name=\"twitter:card\" content=\"summary_large_image\" \/>\n<script type=\"application\/ld+json\" class=\"yoast-schema-graph\">{\"@context\":\"https:\/\/schema.org\",\"@graph\":[{\"@type\":\"WebPage\",\"@id\":\"https:\/\/basdincmobilya.com\/berlin-duvar-unitesi\/\",\"url\":\"https:\/\/basdincmobilya.com\/berlin-duvar-unitesi\/\",\"name\":\"Berlin Duvar \u00dcnitesi - Ba\u015fdin\u00e7 Mobilya\",\"isPartOf\":{\"@id\":\"https:\/\/basdincmobilya.com\/#website\"},\"datePublished\":\"2023-11-02T13:09:56+00:00\",\"dateModified\":\"2023-11-02T13:09:58+00:00\",\"breadcrumb\":{\"@id\":\"https:\/\/basdincmobilya.com\/berlin-duvar-unitesi\/#breadcrumb\"},\"inLanguage\":\"en-GB\",\"potentialAction\":[{\"@type\":\"ReadAction\",\"target\":[\"https:\/\/basdincmobilya.com\/berlin-duvar-unitesi\/\"]}]},{\"@type\":\"BreadcrumbList\",\"@id\":\"https:\/\/basdincmobilya.com\/berlin-duvar-unitesi\/#breadcrumb\",\"itemListElement\":[{\"@type\":\"ListItem\",\"position\":1,\"name\":\"Ana sayfa\",\"item\":\"https:\/\/basdincmobilya.com\/\"},{\"@type\":\"ListItem\",\"position\":2,\"name\":\"Ma\u011faza\",\"item\":\"https:\/\/basdincmobilya.com\/magaza\/\"},{\"@type\":\"ListItem\",\"position\":3,\"name\":\"Berlin Duvar \u00dcnitesi\"}]},{\"@type\":\"WebSite\",\"@id\":\"https:\/\/basdincmobilya.com\/#website\",\"url\":\"https:\/\/basdincmobilya.com\/\",\"name\":\"Ba\u015fdin\u00e7 Mobilya\",\"description\":\"-\",\"potentialAction\":[{\"@type\":\"SearchAction\",\"target\":{\"@type\":\"EntryPoint\",\"urlTemplate\":\"https:\/\/basdincmobilya.com\/?s={search_term_string}\"},\"query-input\":\"required name=search_term_string\"}],\"inLanguage\":\"en-GB\"}]}<\/script>\n<!-- \/ Yoast SEO Premium plugin. -->","yoast_head_json":{"title":"Berlin Duvar \u00dcnitesi - Ba\u015fdin\u00e7 Mobilya","robots":{"index":"index","follow":"follow","max-snippet":"max-snippet:-1","max-image-preview":"max-image-preview:large","max-video-preview":"max-video-preview:-1"},"canonical":"https:\/\/basdincmobilya.com\/en\/berlin-duvar-unitesi\/","og_locale":"en_GB","og_type":"article","og_title":"Berlin Duvar \u00dcnitesi - Ba\u015fdin\u00e7 Mobilya","og_url":"https:\/\/basdincmobilya.com\/en\/berlin-duvar-unitesi\/","og_site_name":"Ba\u015fdin\u00e7 Mobilya","article_modified_time":"2023-11-02T13:09:58+00:00","og_image":[{"width":2560,"height":1800,"url":"https:\/\/basdincmobilya.com\/wp-content\/uploads\/2023\/11\/berlin-duvar-unitesi-gorsel-1.jpg","type":"image\/jpeg"}],"twitter_card":"summary_large_image","schema":{"@context":"https:\/\/schema.org","@graph":[{"@type":"WebPage","@id":"https:\/\/basdincmobilya.com\/berlin-duvar-unitesi\/","url":"https:\/\/basdincmobilya.com\/berlin-duvar-unitesi\/","name":"Berlin Duvar \u00dcnitesi - Ba\u015fdin\u00e7 Mobilya","isPartOf":{"@id":"https:\/\/basdincmobilya.com\/#website"},"datePublished":"2023-11-02T13:09:56+00:00","dateModified":"2023-11-02T13:09:58+00:00","breadcrumb":{"@id":"https:\/\/basdincmobilya.com\/berlin-duvar-unitesi\/#breadcrumb"},"inLanguage":"en-GB","potentialAction":[{"@type":"ReadAction","target":["https:\/\/basdincmobilya.com\/berlin-duvar-unitesi\/"]}]},{"@type":"BreadcrumbList","@id":"https:\/\/basdincmobilya.com\/berlin-duvar-unitesi\/#breadcrumb","itemListElement":[{"@type":"ListItem","position":1,"name":"Ana sayfa","item":"https:\/\/basdincmobilya.com\/"},{"@type":"ListItem","position":2,"name":"Ma\u011faza","item":"https:\/\/basdincmobilya.com\/magaza\/"},{"@type":"ListItem","position":3,"name":"Berlin Duvar \u00dcnitesi"}]},{"@type":"WebSite","@id":"https:\/\/basdincmobilya.com\/#website","url":"https:\/\/basdincmobilya.com\/","name":"Ba\u015fdin\u00e7 Mobilya","description":"-","potentialAction":[{"@type":"SearchAction","target":{"@type":"EntryPoint","urlTemplate":"https:\/\/basdincmobilya.com\/?s={search_term_string}"},"query-input":"required name=search_term_string"}],"inLanguage":"en-GB"}]}},"_links":{"self":[{"href":"https:\/\/basdincmobilya.com\/en\/wp-json\/wp\/v2\/product\/2493","targetHints":{"allow":["GET"]}}],"collection":[{"href":"https:\/\/basdincmobilya.com\/en\/wp-json\/wp\/v2\/product"}],"about":[{"href":"https:\/\/basdincmobilya.com\/en\/wp-json\/wp\/v2\/types\/product"}],"wp:featuredmedia":[{"embeddable":true,"href":"https:\/\/basdincmobilya.com\/en\/wp-json\/wp\/v2\/media\/2494"}],"wp:attachment":[{"href":"https:\/\/basdincmobilya.com\/en\/wp-json\/wp\/v2\/media?parent=2493"}],"curies":[{"name":"wp","href":"https:\/\/api.w.org\/{rel}","templated":true}]}}