{"id":2,"date":"2020-12-19T14:39:50","date_gmt":"2020-12-19T11:39:50","guid":{"rendered":"http:\/\/dasellmobilya.com\/?page_id=2"},"modified":"2023-11-02T18:49:55","modified_gmt":"2023-11-02T15:49:55","slug":"anasayfa","status":"publish","type":"page","link":"https:\/\/basdincmobilya.com\/en\/","title":{"rendered":"Homepage"},"content":{"rendered":"<div id=\"row_slider\" data-vc-full-width=\"true\" data-vc-full-width-init=\"false\" data-vc-stretch-content=\"true\" class=\"vc_row wpb_row vc_row-fluid vc_row-no-padding\"><div class=\"wpb_column vc_column_container vc_col-sm-12\"><div class=\"vc_column-inner\"><div class=\"wpb_wrapper\">\n\t\t\t<!-- START Slider 1 REVOLUTION SLIDER 6.3.3 --><p class=\"rs-p-wp-fix\"><\/p>\n\t\t\t<rs-module-wrap id=\"rev_slider_1_1_wrapper\" data-source=\"gallery\" style=\"background:transparent;padding:0;margin:0px auto;margin-top:0;margin-bottom:0;\">\n\t\t\t\t<rs-module id=\"rev_slider_1_1\" style=\"\" data-version=\"6.3.3\">\n\t\t\t\t\t<rs-slides>\n\t\t\t\t\t\t<rs-slide data-key=\"rs-1\" data-title=\"Slide\" data-anim=\"ei:d;eo:d;s:1000;r:0;t:fade;sl:0;\">\n\t\t\t\t\t\t\t<img loading=\"lazy\" decoding=\"async\" src=\"\/\/basdincmobilya.com\/wp-content\/plugins\/revslider\/public\/assets\/assets\/dummy.png\" title=\"slider-new-dasell-image\" width=\"1920\" height=\"970\" data-lazyload=\"\/\/dasellmobilya.com\/wp-content\/uploads\/2023\/11\/slider-new-dasell-image.jpg\" data-bg=\"p:left center;\" data-panzoom=\"d:9000ms;ss:100;se:100;os:200px\/0;oe:-450px\/0;\" class=\"rev-slidebg\" data-no-retina>\n<!---->\t\t\t\t\t\t<\/rs-slide>\n\t\t\t\t\t<\/rs-slides>\n\t\t\t\t<\/rs-module>\n\t\t\t\t<script type=\"text\/javascript\">\n\t\t\t\t\tsetREVStartSize({c: 'rev_slider_1_1',rl:[1240,1240,1240,480],el:[980,980,980,680],gw:[1920,1920,1920,480],gh:[980,980,980,680],type:'standard',justify:'',layout:'fullwidth',mh:\"0\"});\n\t\t\t\t\tvar\trevapi1,\n\t\t\t\t\t\ttpj;\n\t\t\t\t\tfunction revinit_revslider11() {\n\t\t\t\t\tjQuery(function() {\n\t\t\t\t\t\ttpj = jQuery;\n\t\t\t\t\t\trevapi1 = tpj(\"#rev_slider_1_1\");\n\t\t\t\t\t\tif(revapi1==undefined || revapi1.revolution == undefined){\n\t\t\t\t\t\t\trevslider_showDoubleJqueryError(\"rev_slider_1_1\");\n\t\t\t\t\t\t}else{\n\t\t\t\t\t\t\trevapi1.revolution({\n\t\t\t\t\t\t\t\tsliderLayout:\"fullwidth\",\n\t\t\t\t\t\t\t\tvisibilityLevels:\"1240,1240,1240,480\",\n\t\t\t\t\t\t\t\tgridwidth:\"1920,1920,1920,480\",\n\t\t\t\t\t\t\t\tgridheight:\"980,980,980,680\",\n\t\t\t\t\t\t\t\tlazyType:\"single\",\n\t\t\t\t\t\t\t\tperspective:600,\n\t\t\t\t\t\t\t\tperspectiveType:\"local\",\n\t\t\t\t\t\t\t\teditorheight:\"980,768,960,680\",\n\t\t\t\t\t\t\t\tresponsiveLevels:\"1240,1240,1240,480\",\n\t\t\t\t\t\t\t\tprogressBar:{disableProgressBar:true},\n\t\t\t\t\t\t\t\tnavigation: {\n\t\t\t\t\t\t\t\t\tonHoverStop:false\n\t\t\t\t\t\t\t\t},\n\t\t\t\t\t\t\t\tfallbacks: {\n\t\t\t\t\t\t\t\t\tallowHTML5AutoPlayOnAndroid:true\n\t\t\t\t\t\t\t\t},\n\t\t\t\t\t\t\t});\n\t\t\t\t\t\t}\n\t\t\t\t\t\t\n\t\t\t\t\t});\n\t\t\t\t\t} \/\/ End of RevInitScript\n\t\t\t\tvar once_revslider11 = false;\n\t\t\t\tif (document.readyState === \"loading\") {document.addEventListener('readystatechange',function() { if((document.readyState === \"interactive\" || document.readyState === \"complete\") && !once_revslider11 ) { once_revslider11 = true; revinit_revslider11();}});} else {once_revslider11 = true; revinit_revslider11();}\n\t\t\t\t<\/script>\n\t\t\t<\/rs-module-wrap>\n\t\t\t<!-- END REVOLUTION SLIDER -->\n<\/div><\/div><\/div><\/div><div class=\"vc_row-full-width vc_clearfix\"><\/div><div id=\"row_hakkinda\" class=\"vc_row wpb_row vc_row-fluid vc_custom_1623307519818 vc_row-has-fill\"><div class=\"wpb_column vc_column_container vc_col-sm-12\"><div class=\"vc_column-inner\"><div class=\"wpb_wrapper\"><div class=\"vc_row wpb_row vc_inner vc_row-fluid vc_custom_1623225818453 vc_row-has-fill\"><div class=\"wpb_column vc_column_container vc_col-sm-12\"><div class=\"vc_column-inner\"><div class=\"wpb_wrapper\">\n\t<div  class=\"wpb_single_image wpb_content_element vc_align_center logo-hakkimizda\">\n\t\t\n\t\t<figure class=\"wpb_wrapper vc_figure\">\n\t\t\t<div class=\"vc_single_image-wrapper   vc_box_border_grey\"><img loading=\"lazy\" decoding=\"async\" width=\"304\" height=\"240\" src=\"https:\/\/basdincmobilya.com\/wp-content\/uploads\/2021\/05\/Dasell.png\" class=\"vc_single_image-img attachment-full\" alt=\"\" \/><\/div>\n\t\t<\/figure>\n\t<\/div>\n\n\t<div class=\"wpb_text_column wpb_content_element\" >\n\t\t<div class=\"wpb_wrapper\">\n\t\t\t<h2 style=\"text-align: center;\">ABOUT<\/h2>\n\n\t\t<\/div>\n\t<\/div>\n\n\t<div class=\"wpb_raw_code wpb_content_element wpb_raw_html vc_custom_1623225952791\" >\n\t\t<div class=\"wpb_wrapper\">\n\t\t\t<span class=\"cizgi\"><\/span>\n\t\t<\/div>\n\t<\/div>\n<\/div><\/div><\/div><\/div><div class=\"vc_row wpb_row vc_inner vc_row-fluid\"><div class=\"wpb_column vc_column_container vc_col-sm-2\"><div class=\"vc_column-inner\"><div class=\"wpb_wrapper\"><\/div><\/div><\/div><div class=\"wpb_column vc_column_container vc_col-sm-8\"><div class=\"vc_column-inner\"><div class=\"wpb_wrapper\">\n\t<div class=\"wpb_text_column wpb_content_element\" >\n\t\t<div class=\"wpb_wrapper\">\n\t\t\t<p style=\"text-align: center;\">The worry of taking a new step is replaced by an unshakable trust; it is more possible with the bonds of people who share the same truths. Dasell was also born in 1998 with the brave steps of brothers who put their backs to each other. the brand, which continues to walk with the name Dasell, which it uses today in 2008, has carried the same ideals and wishes to every step it has taken: trust and bond.<\/p>\n\n\t\t<\/div>\n\t<\/div>\n\n\t<div class=\"wpb_text_column wpb_content_element\" >\n\t\t<div class=\"wpb_wrapper\">\n\t\t\t<div style=\"text-align: center;\"><a href=\"https:\/\/dasellmobilya.com\/hakkimizda\/#hakkimizda\"> <span class=\"dtybtn\">Read More<\/span><\/a><\/div>\n\n\t\t<\/div>\n\t<\/div>\n<\/div><\/div><\/div><div class=\"wpb_column vc_column_container vc_col-sm-2\"><div class=\"vc_column-inner\"><div class=\"wpb_wrapper\"><\/div><\/div><\/div><\/div><\/div><\/div><\/div><\/div><div id=\"row_kategoriler\" data-vc-full-width=\"true\" data-vc-full-width-init=\"false\" data-vc-stretch-content=\"true\" class=\"vc_row wpb_row vc_row-fluid vc_row-no-padding\"><div class=\"wpb_column vc_column_container vc_col-sm-12\"><div class=\"vc_column-inner\"><div class=\"wpb_wrapper\"><div class=\"vc_row wpb_row vc_inner vc_row-fluid\"><div class=\"wpb_column vc_column_container vc_col-sm-12\"><div class=\"vc_column-inner\"><div class=\"wpb_wrapper\">\n\t<div class=\"wpb_raw_code wpb_content_element wpb_raw_html\" >\n\t\t<div class=\"wpb_wrapper\">\n\t\t\t<div id=\"slider-bg\">\n    <h2 style=\"text-align:center;\">CATEGORIES<\/h2>\n    <span class=\"cizgi\"><\/span>\n        <div class=\"slider-ic\">\n            <a href=\"https:\/\/dasellmobilya.com\/koltuk-takimlari\/\" data-url=\"https:\/\/dasellmobilya.com\/wp-content\/uploads\/2023\/11\/banner-koltuk-takimi-versace.jpg\">SOFA SETS<\/a>\n            <a href=\"https:\/\/dasellmobilya.com\/yatak-odalari\/\" data-url=\"https:\/\/dasellmobilya.com\/wp-content\/uploads\/2023\/11\/banner-yatak-odasi-takimi-versace.jpg\">BEDROOM SETS<\/a>\n            <a href=\"https:\/\/dasellmobilya.com\/yemek-odalari\/\" data-url=\"https:\/\/dasellmobilya.com\/wp-content\/uploads\/2023\/11\/banner-yemek-odasi-takimi-versace.jpg\">DINING ROOM SETS<\/a>\n            <a href=\"https:\/\/dasellmobilya.com\/duvar-uniteleri\/\" data-url=\"https:\/\/dasellmobilya.com\/wp-content\/uploads\/2023\/11\/banner-duvar-unitesi-versace.jpg\">WALL UNITS<\/a>\n            <a href=\"https:\/\/dasellmobilya.com\/dresuarlar-ve-sehpalar\/\" data-url=\"https:\/\/dasellmobilya.com\/wp-content\/uploads\/2021\/06\/dresuar-kategori.webp\">DRESSERS AND COFFEE TABLES<\/a>\n        <\/div>\n    <\/div>\n    \n    \n    <style>\n        #slider-bg {\n            background-image: url('https:\/\/dasellmobilya.com\/wp-content\/uploads\/2023\/11\/banner-koltuk-takimi-versace.jpg');\n            background-repeat: no-repeat;\n            background-size: cover;\n        }\n        .slider-ic{\n            display: flex;\n            justify-content: center;\n        }\n        .slider-bg button{\n            width: 50px;\n            height: 50px;\n            margin: 10px;\n    \n        }\n    \n    <\/style>\n    \n    <script>\n        \n        let slider = document.querySelector(\"#slider-bg\");\n    \n    let productNames = document.querySelectorAll(\"#slider-bg a\");\n    if(window.innerWidth > 768) {\n    productNames.forEach(productName => {\n    \n        productName.addEventListener('mouseover', function(){\n            slider.style.backgroundImage = \"url(\"+productName.dataset.url+\")\";\n    \n    }); \n    });\n    }\n    if(window.innerWidth <= 768) {\n        productNames.forEach(productName => {\n            var clickCount = -1;\n            productName.addEventListener('click', function(e){\n                 e.preventDefault();\n                if(clickCount % 2 != 0) {\n                    slider.style.backgroundImage = \"url(\"+productName.dataset.url+\")\";\n                    clickCount++;\n                }\n                else {\n                   window.location.href = this.href;\n                }\n            }); \n        });\n    }\n    \n    \n    \n    \n    <\/script>\n\t\t<\/div>\n\t<\/div>\n<\/div><\/div><\/div><\/div><\/div><\/div><\/div><\/div><div class=\"vc_row-full-width vc_clearfix\"><\/div><div id=\"row_anlamli\" data-vc-full-width=\"true\" data-vc-full-width-init=\"false\" data-vc-stretch-content=\"true\" class=\"vc_row wpb_row vc_row-fluid vc_row-no-padding\"><div class=\"wpb_column vc_column_container vc_col-sm-12\"><div class=\"vc_column-inner\"><div class=\"wpb_wrapper\">\n\t<div  class=\"wpb_single_image wpb_content_element vc_align_center\">\n\t\t\n\t\t<figure class=\"wpb_wrapper vc_figure\">\n\t\t\t<div class=\"vc_single_image-wrapper   vc_box_border_grey\"><img decoding=\"async\" src=\"https:\/\/basdincmobilya.com\/wp-content\/uploads\/2021\/06\/anlamliderinluks.webp\" class=\"vc_single_image-img attachment-full\" alt=\"\" \/><\/div>\n\t\t<\/figure>\n\t<\/div>\n<\/div><\/div><\/div><\/div><div class=\"vc_row-full-width vc_clearfix\"><\/div><div id=\"row_koleksiyonlar\" data-vc-full-width=\"true\" data-vc-full-width-init=\"false\" data-vc-stretch-content=\"true\" class=\"vc_row wpb_row vc_row-fluid vc_row-no-padding\"><div class=\"wpb_column vc_column_container vc_col-sm-12\"><div class=\"vc_column-inner\"><div class=\"wpb_wrapper\"><div class=\"vc_row wpb_row vc_inner vc_row-fluid\"><div class=\"wpb_column vc_column_container vc_col-sm-12\"><div class=\"vc_column-inner\"><div class=\"wpb_wrapper\">\n\t<div class=\"wpb_text_column wpb_content_element\" >\n\t\t<div class=\"wpb_wrapper\">\n\t\t\t<h2 style=\"text-align: center;\">COLLECTIONS<\/h2>\n\n\t\t<\/div>\n\t<\/div>\n\n\t<div class=\"wpb_raw_code wpb_content_element wpb_raw_html\" >\n\t\t<div class=\"wpb_wrapper\">\n\t\t\t<span class=\"cizgi\"><\/span>\n\t\t<\/div>\n\t<\/div>\n<\/div><\/div><\/div><\/div><div id=\"koleksiyon-slayt\" class=\"vc_row wpb_row vc_inner vc_row-fluid\"><div class=\"wpb_column vc_column_container vc_col-sm-12\"><div class=\"vc_column-inner\"><div class=\"wpb_wrapper\">\n\t<div class=\"wpb_raw_code wpb_raw_js\" >\n\t\t<div class=\"wpb_wrapper\">\n\t\t\t<script src=\"https:\/\/cdnjs.cloudflare.com\/ajax\/libs\/slick-carousel\/1.8.1\/slick.min.js\"><\/script>\n\t\t<\/div>\n\t<\/div>\n<\/div><\/div><\/div><\/div>\n\t<div class=\"wpb_raw_code wpb_content_element wpb_raw_html\" >\n\t\t<div class=\"wpb_wrapper\">\n\t\t\t  <div class=\"slick-center-wrap\">\n<div class=\"arrowbtn\">\n    <a href=\"javascript:;\"  class=\"pic-prev\">PREVIOUS<\/a>\n    <a href=\"javascript:;\"  class=\"pic-next\">NEXT<\/a><\/div>\n  <\/div>\n    <ul class=\"slick-center\">\n    <div>\n      <a href=\"https:\/\/dasellmobilya.com\/urun-etiketi\/berlin\/\"><img decoding=\"async\" src=\"https:\/\/dasellmobilya.com\/wp-content\/uploads\/2021\/06\/urun-berlin-koltuk-takimi.jpg\"><h2>BERLIN<\/h2> <span class=\"dtybtn\">View Details<\/span><\/a>\n    <\/div>\n    <div>\n      <a href=\"https:\/\/dasellmobilya.com\/urun-etiketi\/cihangir\/\"><img decoding=\"async\" src=\"https:\/\/dasellmobilya.com\/wp-content\/uploads\/2021\/06\/urun-cihangir-yatak-odasi-01.jpg\"><h2>C\u0130HANG\u0130R<\/h2> <span class=\"dtybtn\">View Details<\/span><\/a>\n    <\/div>\n    <div>\n      <a href=\"https:\/\/dasellmobilya.com\/urun-etiketi\/deluxe\/\"><img decoding=\"async\" src=\"https:\/\/dasellmobilya.com\/wp-content\/uploads\/2022\/06\/deluxe-koltuk-takimi-2.jpg\"><h2>DELUXE<\/h2> <span class=\"dtybtn\">View Details<\/span><\/a>\n    <\/div>\n    <div>\n      <a href=\"https:\/\/dasellmobilya.com\/urun-etiketi\/galaxy\/\"><img decoding=\"async\" src=\"https:\/\/dasellmobilya.com\/wp-content\/uploads\/2022\/06\/galaxy-yatak-odasi-3.jpg\"><h2>GALAXY<\/h2> <span class=\"dtybtn\">View Details<\/span><\/a>\n    <\/div>\n    <\/ul>\n\n<style>\n.slick-slider\n{\n    position: relative;\n\n    display: block;\n    box-sizing: border-box;\n\n    -webkit-user-select: none;\n       -moz-user-select: none;\n        -ms-user-select: none;\n            user-select: none;\n\n    -webkit-touch-callout: none;\n    -khtml-user-select: none;\n    -ms-touch-action: pan-y;\n        touch-action: pan-y;\n    -webkit-tap-highlight-color: transparent;\n}\n\n.slick-list\n{\n    position: relative;\n\n    display: block;\n    overflow: hidden;\n\n    margin: 0;\n    padding: 0;\n}\n.slick-list:focus\n{\n    outline: none;\n}\n.slick-list.dragging\n{\n    cursor: pointer;\n    cursor: hand;\n}\n\n.slick-slider .slick-track,\n.slick-slider .slick-list\n{\n    -webkit-transform: translate3d(0, 0, 0);\n       -moz-transform: translate3d(0, 0, 0);\n        -ms-transform: translate3d(0, 0, 0);\n         -o-transform: translate3d(0, 0, 0);\n            transform: translate3d(0, 0, 0);\n}\n\n.slick-track\n{\n    position: relative;\n    top: 0;\n    left: 0;\n\n    display: block;\n}\n.slick-track:before,\n.slick-track:after\n{\n    display: table;\n\n    content: '';\n}\n.slick-track:after\n{\n    clear: both;\n}\n.slick-loading .slick-track\n{\n    visibility: hidden;\n}\n\n.slick-slide\n{\n    display: none;\n    float: left;\n\n    height: 100%;\n    min-height: 1px;\n}\n[dir='rtl'] .slick-slide\n{\n    float: right;\n}\n.slick-slide img\n{\n    display: block;\n}\n.slick-slide.slick-loading img\n{\n    display: none;\n}\n.slick-slide.dragging img\n{\n    pointer-events: none;\n}\n.slick-initialized .slick-slide\n{\n    display: block;\n}\n.slick-loading .slick-slide\n{\n    visibility: hidden;\n}\n.slick-vertical .slick-slide\n{\n    display: block;\n\n    height: auto;\n\n    border: 1px solid transparent;\n}\n.slick-arrow.slick-hidden {\n    display: none;\n}\n\n\n\n\n\n\n\n.slick-thumbs{ display: block; width: 100%; }\nimg{ max-width: 100%; max-height: 100%; }\n\n.slick-big-wrap img{ width: 100%; }\n\n.slick-center .slick-slide{ text-align: center; border:none; }\n.slick-center img{ text-align: center; margin:0 auto; }\n.slick-center .slick-list, .slick-center .slick-track{ overflow: visible; }\n.slick-center .slick-current { width: 0 30px; top: 50%; -webkit-transform: scale(1.3);\n-ms-transform: scale(1.3);\n-o-transform: scale(1.3);\ntransform: scale(1.3); -webkit-transform-origin: center center;\n-moz-transform-origin: center center;\n-ms-transform-origin: center center;\n-o-transform-origin: center center;\ntransform-origin: center center;  -webkit-transition: transform .3s ease;\n-o-transition: transform .3s ease;\ntransition: transform .3s ease;}\n<\/style>\n\t\t<\/div>\n\t<\/div>\n\n\t<div class=\"wpb_raw_code wpb_raw_js\" >\n\t\t<div class=\"wpb_wrapper\">\n\t\t\t<script>  \n     jQuery( document ).ready(function() { \njQuery(function(){\n\n    jQuery('.slick-center').slick({\n      prevArrow: jQuery('.pic-prev'),\n      nextArrow: jQuery('.pic-next'),\n      infinite: true,\n      dots: false,\n      arrows: true,\n      autoplay: false,\n      swipe: true,\n      touchMove: false,\n      centerMode: true,\n      centerPadding: '28%',\n      slidesToShow: 1,\n      slidesToScroll: 1,\n      lazyLoad: 'progressive',\n      responsive: [\n        {\n            breakpoint: 992,\n            settings: {\n                slidesToShow: 3,\n                slidesToScroll: 3\n            }\n        },\n        {\n            breakpoint: 500,\n            settings: {\n                slidesToShow: 1,\n                slidesToScroll: 1,\n                centerMode: false\n            }\n        },\n      ]\n    });\n\n\n\n  });\n}); <\/script>\n\n\n\t\t<\/div>\n\t<\/div>\n<\/div><\/div><\/div><\/div><div class=\"vc_row-full-width vc_clearfix\"><\/div><div id=\"row_bulten\" data-vc-full-width=\"true\" data-vc-full-width-init=\"false\" class=\"vc_row wpb_row vc_row-fluid vc_custom_1623223321160 vc_row-has-fill vc_row-o-content-middle vc_row-flex\"><div class=\"wpb_column vc_column_container vc_col-sm-12\"><div class=\"vc_column-inner\"><div class=\"wpb_wrapper\"><div class=\"vc_row wpb_row vc_inner vc_row-fluid vc_row-o-content-middle vc_row-flex\"><div class=\"wpb_column vc_column_container vc_col-sm-6\"><div class=\"vc_column-inner\"><div class=\"wpb_wrapper\">\n\t<div  class=\"wpb_single_image wpb_content_element vc_align_left\">\n\t\t\n\t\t<figure class=\"wpb_wrapper vc_figure\">\n\t\t\t<div class=\"vc_single_image-wrapper   vc_box_border_grey\"><img decoding=\"async\" src=\"https:\/\/basdincmobilya.com\/wp-content\/uploads\/2021\/06\/urun-berlin-koltuk-takimi-05.webp\" class=\"vc_single_image-img attachment-full\" alt=\"\" \/><\/div>\n\t\t<\/figure>\n\t<\/div>\n<\/div><\/div><\/div><div class=\"wpb_column vc_column_container vc_col-sm-6\"><div class=\"vc_column-inner\"><div class=\"wpb_wrapper\">\n\t<div class=\"wpb_text_column wpb_content_element\" >\n\t\t<div class=\"wpb_wrapper\">\n\t\t\t<h2 style=\"text-align: center;\">STAY CONTACT WITH US<\/h2>\n<p style=\"text-align: center;\">Dasell shares its news,collections,projects, point of view and emphasizes many areas of expertise.<\/p>\n\n\t\t<\/div>\n\t<\/div>\n\n\t<div class=\"wpb_raw_code wpb_content_element wpb_raw_html\" >\n\t\t<div class=\"wpb_wrapper\">\n\t\t\t<div class=\"tnp tnp-subscription\">\n<form method=\"post\" action=\"https:\/\/dasellmobilya.com\/?na=s\" data-trp-original-action=\"https:\/\/dasellmobilya.com\/?na=s\">\n\n<input type=\"hidden\" name=\"nlang\" value=\"\"><div class=\"tnp-field tnp-field-email\" >\n<input class=\"tnp-email\" type=\"email\" name=\"ne\" value=\"\" placeholder=\"E-Mail\" required><\/div>\n<div class=\"tnp-field tnp-privacy-field\"><label><input type=\"checkbox\" name=\"ny\" required class=\"tnp-privacy\">\u00a0By continuing, you agree to the privacy policy<\/label><\/div><div class=\"tnp-field tnp-field-button\"><input class=\"tnp-submit\" type=\"submit\" value=\"SIGN UP\" >\n<\/div>\n<input type=\"hidden\" name=\"trp-form-language\" value=\"en\"\/><\/form>\n<\/div>\n\t\t<\/div>\n\t<\/div>\n<\/div><\/div><\/div><\/div><\/div><\/div><\/div><\/div><div class=\"vc_row-full-width vc_clearfix\"><\/div>","protected":false},"excerpt":{"rendered":"HAKKINDA Yeni bir ad\u0131m atma endi\u015fesinin, yerini sars\u0131lmaz bir g\u00fcvene b\u0131rakmas\u0131; ayn\u0131 do\u011frular\u0131 payla\u015fan ki\u015filerin ba\u011flar\u0131 ile daha m\u00fcmk\u00fcnd\u00fcr. Dasell","protected":false},"author":1,"featured_media":0,"parent":0,"menu_order":0,"comment_status":"closed","ping_status":"closed","template":"","meta":{"footnotes":""},"class_list":["post-2","page","type-page","status-publish","hentry"],"yoast_head":"<!-- This site is optimized with the Yoast SEO Premium plugin v16.0.3 (Yoast SEO v19.9) - https:\/\/yoast.com\/wordpress\/plugins\/seo\/ -->\n<title>Anasayfa - Ba\u015fdin\u00e7 Mobilya<\/title>\n<meta name=\"robots\" content=\"index, follow, max-snippet:-1, max-image-preview:large, max-video-preview:-1\" \/>\n<link rel=\"canonical\" href=\"https:\/\/basdincmobilya.com\/en\/\" \/>\n<meta property=\"og:locale\" content=\"en_GB\" \/>\n<meta property=\"og:type\" content=\"article\" \/>\n<meta property=\"og:title\" content=\"Anasayfa - Ba\u015fdin\u00e7 Mobilya\" \/>\n<meta property=\"og:url\" content=\"https:\/\/basdincmobilya.com\/en\/\" \/>\n<meta property=\"og:site_name\" content=\"Ba\u015fdin\u00e7 Mobilya\" \/>\n<meta property=\"article:modified_time\" content=\"2023-11-02T15:49:55+00:00\" \/>\n<meta name=\"twitter:card\" content=\"summary_large_image\" \/>\n<meta name=\"twitter:label1\" content=\"Estimated reading time\" \/>\n\t<meta name=\"twitter:data1\" content=\"1 minute\" \/>\n<script type=\"application\/ld+json\" class=\"yoast-schema-graph\">{\"@context\":\"https:\/\/schema.org\",\"@graph\":[{\"@type\":\"WebPage\",\"@id\":\"https:\/\/basdincmobilya.com\/\",\"url\":\"https:\/\/basdincmobilya.com\/\",\"name\":\"Anasayfa - Ba\u015fdin\u00e7 Mobilya\",\"isPartOf\":{\"@id\":\"https:\/\/basdincmobilya.com\/#website\"},\"datePublished\":\"2020-12-19T11:39:50+00:00\",\"dateModified\":\"2023-11-02T15:49:55+00:00\",\"breadcrumb\":{\"@id\":\"https:\/\/basdincmobilya.com\/#breadcrumb\"},\"inLanguage\":\"en-GB\",\"potentialAction\":[{\"@type\":\"ReadAction\",\"target\":[\"https:\/\/basdincmobilya.com\/\"]}]},{\"@type\":\"BreadcrumbList\",\"@id\":\"https:\/\/basdincmobilya.com\/#breadcrumb\",\"itemListElement\":[{\"@type\":\"ListItem\",\"position\":1,\"name\":\"Ana sayfa\",\"item\":\"https:\/\/basdincmobilya.com\/\"},{\"@type\":\"ListItem\",\"position\":2,\"name\":\"Anasayfa\"}]},{\"@type\":\"WebSite\",\"@id\":\"https:\/\/basdincmobilya.com\/#website\",\"url\":\"https:\/\/basdincmobilya.com\/\",\"name\":\"Ba\u015fdin\u00e7 Mobilya\",\"description\":\"-\",\"potentialAction\":[{\"@type\":\"SearchAction\",\"target\":{\"@type\":\"EntryPoint\",\"urlTemplate\":\"https:\/\/basdincmobilya.com\/?s={search_term_string}\"},\"query-input\":\"required name=search_term_string\"}],\"inLanguage\":\"en-GB\"}]}<\/script>\n<!-- \/ Yoast SEO Premium plugin. -->","yoast_head_json":{"title":"Anasayfa - Ba\u015fdin\u00e7 Mobilya","robots":{"index":"index","follow":"follow","max-snippet":"max-snippet:-1","max-image-preview":"max-image-preview:large","max-video-preview":"max-video-preview:-1"},"canonical":"https:\/\/basdincmobilya.com\/en\/","og_locale":"en_GB","og_type":"article","og_title":"Anasayfa - Ba\u015fdin\u00e7 Mobilya","og_url":"https:\/\/basdincmobilya.com\/en\/","og_site_name":"Ba\u015fdin\u00e7 Mobilya","article_modified_time":"2023-11-02T15:49:55+00:00","twitter_card":"summary_large_image","twitter_misc":{"Estimated reading time":"1 minute"},"schema":{"@context":"https:\/\/schema.org","@graph":[{"@type":"WebPage","@id":"https:\/\/basdincmobilya.com\/","url":"https:\/\/basdincmobilya.com\/","name":"Anasayfa - Ba\u015fdin\u00e7 Mobilya","isPartOf":{"@id":"https:\/\/basdincmobilya.com\/#website"},"datePublished":"2020-12-19T11:39:50+00:00","dateModified":"2023-11-02T15:49:55+00:00","breadcrumb":{"@id":"https:\/\/basdincmobilya.com\/#breadcrumb"},"inLanguage":"en-GB","potentialAction":[{"@type":"ReadAction","target":["https:\/\/basdincmobilya.com\/"]}]},{"@type":"BreadcrumbList","@id":"https:\/\/basdincmobilya.com\/#breadcrumb","itemListElement":[{"@type":"ListItem","position":1,"name":"Ana sayfa","item":"https:\/\/basdincmobilya.com\/"},{"@type":"ListItem","position":2,"name":"Anasayfa"}]},{"@type":"WebSite","@id":"https:\/\/basdincmobilya.com\/#website","url":"https:\/\/basdincmobilya.com\/","name":"Ba\u015fdin\u00e7 Mobilya","description":"-","potentialAction":[{"@type":"SearchAction","target":{"@type":"EntryPoint","urlTemplate":"https:\/\/basdincmobilya.com\/?s={search_term_string}"},"query-input":"required name=search_term_string"}],"inLanguage":"en-GB"}]}},"_links":{"self":[{"href":"https:\/\/basdincmobilya.com\/en\/wp-json\/wp\/v2\/pages\/2","targetHints":{"allow":["GET"]}}],"collection":[{"href":"https:\/\/basdincmobilya.com\/en\/wp-json\/wp\/v2\/pages"}],"about":[{"href":"https:\/\/basdincmobilya.com\/en\/wp-json\/wp\/v2\/types\/page"}],"author":[{"embeddable":true,"href":"https:\/\/basdincmobilya.com\/en\/wp-json\/wp\/v2\/users\/1"}],"replies":[{"embeddable":true,"href":"https:\/\/basdincmobilya.com\/en\/wp-json\/wp\/v2\/comments?post=2"}],"version-history":[{"count":100,"href":"https:\/\/basdincmobilya.com\/en\/wp-json\/wp\/v2\/pages\/2\/revisions"}],"predecessor-version":[{"id":2505,"href":"https:\/\/basdincmobilya.com\/en\/wp-json\/wp\/v2\/pages\/2\/revisions\/2505"}],"wp:attachment":[{"href":"https:\/\/basdincmobilya.com\/en\/wp-json\/wp\/v2\/media?parent=2"}],"curies":[{"name":"wp","href":"https:\/\/api.w.org\/{rel}","templated":true}]}}